{"id":62,"date":"2011-12-28T16:47:29","date_gmt":"2011-12-28T15:47:29","guid":{"rendered":"http:\/\/www.nogradterv.hu\/?page_id=62"},"modified":"2022-04-29T09:58:43","modified_gmt":"2022-04-29T08:58:43","slug":"egyhazi-epuletek","status":"publish","type":"page","link":"http:\/\/www.nogradterv.hu\/?page_id=62","title":{"rendered":"EGYH\u00c1ZI \u00c9P\u00dcLETEK"},"content":{"rendered":"<p><a href=\"http:\/\/www.nogradterv.hu\/?p=758\"><img loading=\"lazy\" decoding=\"async\" class=\"alignnone wp-image-774 size-thumbnail\" src=\"http:\/\/www.nogradterv.hu\/wp-content\/uploads\/2019\/12\/DD011-150x150.jpg\" alt=\"\" width=\"150\" height=\"150\" \/><\/a><a href=\"http:\/\/www.nogradterv.hu\/?p=758\">TEMPLOM \u2013\u00a0D\u00d6MS\u00d6D<\/a><\/p>\n<p><a href=\"http:\/\/www.nogradterv.hu\/?p=312\"><img loading=\"lazy\" decoding=\"async\" class=\"alignnone\" title=\"100_4471\" src=\"http:\/\/www.nogradterv.hu\/wp-content\/uploads\/2011\/12\/100_4471-150x150.jpg\" alt=\"\" width=\"150\" height=\"150\" \/><\/a><a href=\"http:\/\/www.nogradterv.hu\/?p=312\">TEMPLOM \u2013 GALGAGUTA<\/a><\/p>\n<p><a href=\"http:\/\/www.nogradterv.hu\/?p=474\"><img loading=\"lazy\" decoding=\"async\" title=\"OLYMPUS DIGITAL CAMERA\" src=\"http:\/\/www.nogradterv.hu\/wp-content\/uploads\/2011\/12\/P1010089-150x150.jpg\" alt=\"\" width=\"150\" height=\"150\" \/><\/a><a href=\"http:\/\/www.nogradterv.hu\/?p=474\">RAVATALOZ\u00d3 \u2013 MACONKA<\/a><\/p>\n<p><a href=\"http:\/\/www.nogradterv.hu\/?p=488\"><img loading=\"lazy\" decoding=\"async\" title=\"IM104_00221\" src=\"http:\/\/www.nogradterv.hu\/wp-content\/uploads\/2011\/12\/IM104_00221-150x150.jpg\" alt=\"\" width=\"150\" height=\"150\" \/><\/a><a href=\"http:\/\/www.nogradterv.hu\/?p=488\">RAVATALOZ\u00d3 \u2013 TAR<\/a><\/p>\n<p><a href=\"http:\/\/www.nogradterv.hu\/?p=946\"><img loading=\"lazy\" decoding=\"async\" class=\"alignnone size-thumbnail wp-image-939\" src=\"http:\/\/www.nogradterv.hu\/wp-content\/uploads\/2020\/01\/BR2-150x150.jpg\" alt=\"\" width=\"150\" height=\"150\" srcset=\"http:\/\/www.nogradterv.hu\/wp-content\/uploads\/2020\/01\/BR2-150x150.jpg 150w, http:\/\/www.nogradterv.hu\/wp-content\/uploads\/2020\/01\/BR2-120x120.jpg 120w\" sizes=\"(max-width: 150px) 100vw, 150px\" \/>RAVATALOZ\u00d3 TERVE \u2013 BALASSAGYARMAT<\/a><\/p>\n","protected":false},"excerpt":{"rendered":"<p>TEMPLOM \u2013\u00a0D\u00d6MS\u00d6D TEMPLOM \u2013 GALGAGUTA RAVATALOZ\u00d3 \u2013 MACONKA RAVATALOZ\u00d3 \u2013 TAR RAVATALOZ\u00d3 TERVE \u2013 BALASSAGYARMAT<\/p>\n","protected":false},"author":1,"featured_media":0,"parent":18,"menu_order":2,"comment_status":"closed","ping_status":"closed","template":"","meta":{"footnotes":""},"_links":{"self":[{"href":"http:\/\/www.nogradterv.hu\/index.php?rest_route=\/wp\/v2\/pages\/62"}],"collection":[{"href":"http:\/\/www.nogradterv.hu\/index.php?rest_route=\/wp\/v2\/pages"}],"about":[{"href":"http:\/\/www.nogradterv.hu\/index.php?rest_route=\/wp\/v2\/types\/page"}],"author":[{"embeddable":true,"href":"http:\/\/www.nogradterv.hu\/index.php?rest_route=\/wp\/v2\/users\/1"}],"replies":[{"embeddable":true,"href":"http:\/\/www.nogradterv.hu\/index.php?rest_route=%2Fwp%2Fv2%2Fcomments&post=62"}],"version-history":[{"count":23,"href":"http:\/\/www.nogradterv.hu\/index.php?rest_route=\/wp\/v2\/pages\/62\/revisions"}],"predecessor-version":[{"id":969,"href":"http:\/\/www.nogradterv.hu\/index.php?rest_route=\/wp\/v2\/pages\/62\/revisions\/969"}],"up":[{"embeddable":true,"href":"http:\/\/www.nogradterv.hu\/index.php?rest_route=\/wp\/v2\/pages\/18"}],"wp:attachment":[{"href":"http:\/\/www.nogradterv.hu\/index.php?rest_route=%2Fwp%2Fv2%2Fmedia&parent=62"}],"curies":[{"name":"wp","href":"https:\/\/api.w.org\/{rel}","templated":true}]}}