{"id":28,"date":"2011-12-23T15:05:10","date_gmt":"2011-12-23T15:05:10","guid":{"rendered":"http:\/\/www.nogradterv.hu\/?page_id=28"},"modified":"2019-12-16T11:25:34","modified_gmt":"2019-12-16T10:25:34","slug":"lakoepuletek","status":"publish","type":"page","link":"http:\/\/www.nogradterv.hu\/?page_id=28","title":{"rendered":"LAK\u00d3\u00c9P\u00dcLETEK"},"content":{"rendered":"<p><img loading=\"lazy\" decoding=\"async\" class=\"alignnone size-thumbnail wp-image-813\" src=\"http:\/\/www.nogradterv.hu\/wp-content\/uploads\/2019\/12\/HK01-150x150.jpg\" alt=\"\" width=\"150\" height=\"150\" srcset=\"http:\/\/www.nogradterv.hu\/wp-content\/uploads\/2019\/12\/HK01-150x150.jpg 150w, http:\/\/www.nogradterv.hu\/wp-content\/uploads\/2019\/12\/HK01-120x120.jpg 120w\" sizes=\"(max-width: 150px) 100vw, 150px\" \/><a href=\"http:\/\/www.nogradterv.hu\/?p=805\">CSAL\u00c1DI H\u00c1Z \u2013 SALG\u00d3TARJ\u00c1N<\/a><\/p>\n<p><a href=\"http:\/\/www.nogradterv.hu\/?p=824\"><img loading=\"lazy\" decoding=\"async\" class=\"alignnone size-thumbnail wp-image-823\" src=\"http:\/\/www.nogradterv.hu\/wp-content\/uploads\/2019\/12\/DSC05227-p-150x150.jpg\" alt=\"\" width=\"150\" height=\"150\" srcset=\"http:\/\/www.nogradterv.hu\/wp-content\/uploads\/2019\/12\/DSC05227-p-150x150.jpg 150w, http:\/\/www.nogradterv.hu\/wp-content\/uploads\/2019\/12\/DSC05227-p-120x120.jpg 120w\" sizes=\"(max-width: 150px) 100vw, 150px\" \/>CSAL\u00c1DI H\u00c1Z \u2013 SALG\u00d3TARJ\u00c1N<\/a><\/p>\n<p><a href=\"http:\/\/www.nogradterv.hu\/?p=829\"><img loading=\"lazy\" decoding=\"async\" class=\"alignnone size-thumbnail wp-image-830\" src=\"http:\/\/www.nogradterv.hu\/wp-content\/uploads\/2019\/12\/CF01-150x150.jpg\" alt=\"CF\" width=\"150\" height=\"150\" srcset=\"http:\/\/www.nogradterv.hu\/wp-content\/uploads\/2019\/12\/CF01-150x150.jpg 150w, http:\/\/www.nogradterv.hu\/wp-content\/uploads\/2019\/12\/CF01-120x120.jpg 120w\" sizes=\"(max-width: 150px) 100vw, 150px\" \/>CSAL\u00c1DI H\u00c1Z \u2013 SALG\u00d3TARJ\u00c1N<\/a><\/p>\n<p><a href=\"http:\/\/www.nogradterv.hu\/?p=509\"> <img loading=\"lazy\" decoding=\"async\" class=\"alignnone size-thumbnail wp-image-608\" title=\"OLYMPUS DIGITAL CAMERA\" src=\"http:\/\/www.nogradterv.hu\/wp-content\/uploads\/2011\/12\/IMG_5302-150x150.jpg\" alt=\"\" width=\"150\" height=\"150\" srcset=\"http:\/\/www.nogradterv.hu\/wp-content\/uploads\/2011\/12\/IMG_5302-150x150.jpg 150w, http:\/\/www.nogradterv.hu\/wp-content\/uploads\/2011\/12\/IMG_5302-120x120.jpg 120w\" sizes=\"(max-width: 150px) 100vw, 150px\" \/>CSAL\u00c1DI H\u00c1Z \u2013 SOMOSK\u0150<\/a><\/p>\n<p><img loading=\"lazy\" decoding=\"async\" class=\"alignnone size-thumbnail wp-image-607\" title=\"100_2097\" src=\"http:\/\/www.nogradterv.hu\/wp-content\/uploads\/2011\/12\/100_2097-150x150.jpg\" alt=\"\" width=\"150\" height=\"150\" srcset=\"http:\/\/www.nogradterv.hu\/wp-content\/uploads\/2011\/12\/100_2097-150x150.jpg 150w, http:\/\/www.nogradterv.hu\/wp-content\/uploads\/2011\/12\/100_2097-120x120.jpg 120w\" sizes=\"(max-width: 150px) 100vw, 150px\" \/><a href=\"http:\/\/www.nogradterv.hu\/?p=531\">T\u00c1RSASH\u00c1Z \u2013 GY\u00d6NGY\u00d6S<\/a><\/p>\n<p><a href=\"http:\/\/www.nogradterv.hu\/?p=261\"> <img loading=\"lazy\" decoding=\"async\" class=\"alignnone size-thumbnail wp-image-609\" title=\"100_7194\" src=\"http:\/\/www.nogradterv.hu\/wp-content\/uploads\/2011\/12\/100_7194-150x150.jpg\" alt=\"\" width=\"150\" height=\"150\" srcset=\"http:\/\/www.nogradterv.hu\/wp-content\/uploads\/2011\/12\/100_7194-150x150.jpg 150w, http:\/\/www.nogradterv.hu\/wp-content\/uploads\/2011\/12\/100_7194-120x120.jpg 120w\" sizes=\"(max-width: 150px) 100vw, 150px\" \/>CSENTEI \u00daTI T\u00c1RSASH\u00c1Z \u2013 KISTERENYE<\/a><\/p>\n","protected":false},"excerpt":{"rendered":"<p>CSAL\u00c1DI H\u00c1Z \u2013 SALG\u00d3TARJ\u00c1N CSAL\u00c1DI H\u00c1Z \u2013 SALG\u00d3TARJ\u00c1N CSAL\u00c1DI H\u00c1Z \u2013 SALG\u00d3TARJ\u00c1N CSAL\u00c1DI H\u00c1Z \u2013 SOMOSK\u0150 T\u00c1RSASH\u00c1Z \u2013 GY\u00d6NGY\u00d6S CSENTEI \u00daTI T\u00c1RSASH\u00c1Z \u2013 KISTERENYE<\/p>\n","protected":false},"author":1,"featured_media":0,"parent":18,"menu_order":4,"comment_status":"closed","ping_status":"open","template":"","meta":{"footnotes":""},"_links":{"self":[{"href":"http:\/\/www.nogradterv.hu\/index.php?rest_route=\/wp\/v2\/pages\/28"}],"collection":[{"href":"http:\/\/www.nogradterv.hu\/index.php?rest_route=\/wp\/v2\/pages"}],"about":[{"href":"http:\/\/www.nogradterv.hu\/index.php?rest_route=\/wp\/v2\/types\/page"}],"author":[{"embeddable":true,"href":"http:\/\/www.nogradterv.hu\/index.php?rest_route=\/wp\/v2\/users\/1"}],"replies":[{"embeddable":true,"href":"http:\/\/www.nogradterv.hu\/index.php?rest_route=%2Fwp%2Fv2%2Fcomments&post=28"}],"version-history":[{"count":16,"href":"http:\/\/www.nogradterv.hu\/index.php?rest_route=\/wp\/v2\/pages\/28\/revisions"}],"predecessor-version":[{"id":839,"href":"http:\/\/www.nogradterv.hu\/index.php?rest_route=\/wp\/v2\/pages\/28\/revisions\/839"}],"up":[{"embeddable":true,"href":"http:\/\/www.nogradterv.hu\/index.php?rest_route=\/wp\/v2\/pages\/18"}],"wp:attachment":[{"href":"http:\/\/www.nogradterv.hu\/index.php?rest_route=%2Fwp%2Fv2%2Fmedia&parent=28"}],"curies":[{"name":"wp","href":"https:\/\/api.w.org\/{rel}","templated":true}]}}