{"id":26,"date":"2013-10-11T15:04:58","date_gmt":"2013-10-11T14:04:58","guid":{"rendered":"http:\/\/www.nogradterv.hu\/?page_id=26"},"modified":"2024-04-25T12:02:57","modified_gmt":"2024-04-25T11:02:57","slug":"kozepuletek","status":"publish","type":"page","link":"http:\/\/www.nogradterv.hu\/?page_id=26","title":{"rendered":"K\u00d6Z\u00c9P\u00dcLETEK"},"content":{"rendered":"<p><a href=\"http:\/\/www.nogradterv.hu\/?p=34\"><img loading=\"lazy\" decoding=\"async\" class=\"alignnone size-thumbnail wp-image-864\" src=\"http:\/\/www.nogradterv.hu\/wp-content\/uploads\/2019\/12\/IMG_4171-150x150.jpg\" alt=\"\" width=\"150\" height=\"150\" srcset=\"http:\/\/www.nogradterv.hu\/wp-content\/uploads\/2019\/12\/IMG_4171-150x150.jpg 150w, http:\/\/www.nogradterv.hu\/wp-content\/uploads\/2019\/12\/IMG_4171-120x120.jpg 120w\" sizes=\"(max-width: 150px) 100vw, 150px\" \/> KORM\u00c1NYHIVATAL \u2013 BALASSAGYARMAT<\/a><\/p>\n<p><a href=\"http:\/\/www.nogradterv.hu\/?p=34\"><img loading=\"lazy\" decoding=\"async\" title=\"04\" src=\"http:\/\/www.nogradterv.hu\/wp-content\/uploads\/2011\/12\/04-150x150.jpg\" alt=\"\" width=\"150\" height=\"150\" \/>\u00a0V\u00c1ROSH\u00c1ZA \u2013 CELLD\u00d6M\u00d6LK<\/a><\/p>\n<p><a href=\"http:\/\/www.nogradterv.hu\/?p=337\"><img loading=\"lazy\" decoding=\"async\" title=\"Baglyask\u00f5 Id\u00f5sek Otthona\" src=\"http:\/\/www.nogradterv.hu\/wp-content\/uploads\/2011\/12\/014-KP_081207_0028_DSC_8065-Edit-jav-150x150.jpg\" alt=\"\" width=\"150\" height=\"150\" \/>\u00a0ID\u0150SEK OTTHONA \u2013 BAGLYASK\u0150<\/a><\/p>\n<p><a href=\"http:\/\/www.nogradterv.hu\/?p=575\"><img loading=\"lazy\" decoding=\"async\" title=\"P1030211\" src=\"http:\/\/www.nogradterv.hu\/wp-content\/uploads\/2011\/12\/P1030211-150x150.jpg\" alt=\"\" width=\"150\" height=\"150\" \/>\u00a0GYERMEKT\u00c1BOR \u2013 SALG\u00d3TARJ\u00c1N<\/a><\/p>\n<p><a href=\"http:\/\/www.nogradterv.hu\/?p=907\"><img loading=\"lazy\" decoding=\"async\" class=\"alignnone size-thumbnail wp-image-910\" src=\"http:\/\/www.nogradterv.hu\/wp-content\/uploads\/2020\/01\/V01-150x150.jpg\" alt=\"\" width=\"150\" height=\"150\" srcset=\"http:\/\/www.nogradterv.hu\/wp-content\/uploads\/2020\/01\/V01-150x150.jpg 150w, http:\/\/www.nogradterv.hu\/wp-content\/uploads\/2020\/01\/V01-120x120.jpg 120w\" sizes=\"(max-width: 150px) 100vw, 150px\" \/> K\u00d6Z\u00d6SS\u00c9GI H\u00c1Z &#8211; VANYARC<\/a><\/p>\n<p><a href=\"http:\/\/www.nogradterv.hu\/?p=927\"><img loading=\"lazy\" decoding=\"async\" class=\"alignnone size-thumbnail wp-image-928\" src=\"http:\/\/www.nogradterv.hu\/wp-content\/uploads\/2020\/01\/T01-150x150.jpg\" alt=\"\" width=\"150\" height=\"150\" srcset=\"http:\/\/www.nogradterv.hu\/wp-content\/uploads\/2020\/01\/T01-150x150.jpg 150w, http:\/\/www.nogradterv.hu\/wp-content\/uploads\/2020\/01\/T01-120x120.jpg 120w\" sizes=\"(max-width: 150px) 100vw, 150px\" \/> T\u0170ZOLT\u00d3S\u00c1G &#8211; BERCEL<\/a><\/p>\n<p><a href=\"http:\/\/www.nogradterv.hu\/?p=446\"><img loading=\"lazy\" decoding=\"async\" title=\"012 20070421-026-Edit\" src=\"http:\/\/www.nogradterv.hu\/wp-content\/uploads\/2011\/12\/012-20070421-026-Edit-150x150.jpg\" alt=\"\" width=\"150\" height=\"150\" \/>\u00a0UZONI P\u00c9TER GIMN\u00c1ZIUM \u00c9S \u00c1LTAL\u00c1NOS ISKOLA \u2013 SALG\u00d3TARJ\u00c1N<\/a><\/p>\n<p><a href=\"http:\/\/www.nogradterv.hu\/?p=234\"><img loading=\"lazy\" decoding=\"async\" class=\"alignnone size-thumbnail wp-image-622\" title=\"100_4437\" src=\"http:\/\/www.nogradterv.hu\/wp-content\/uploads\/2011\/12\/100_4437-150x150.jpg\" alt=\"\" width=\"150\" height=\"150\" srcset=\"http:\/\/www.nogradterv.hu\/wp-content\/uploads\/2011\/12\/100_4437-150x150.jpg 150w, http:\/\/www.nogradterv.hu\/wp-content\/uploads\/2011\/12\/100_4437-120x120.jpg 120w\" sizes=\"(max-width: 150px) 100vw, 150px\" \/>\u00a0M\u00c1JUS 1. \u00daTI \u00c1LTAL\u00c1NOS ISKOLA \u2013 BALASSAGYARMAT<\/a><\/p>\n<p><a href=\"http:\/\/www.nogradterv.hu\/?p=195\"><img loading=\"lazy\" decoding=\"async\" class=\"alignnone size-thumbnail wp-image-623\" title=\"korhaz2\" src=\"http:\/\/www.nogradterv.hu\/wp-content\/uploads\/2011\/12\/korhaz2-150x150.jpg\" alt=\"\" width=\"150\" height=\"150\" srcset=\"http:\/\/www.nogradterv.hu\/wp-content\/uploads\/2011\/12\/korhaz2-150x150.jpg 150w, http:\/\/www.nogradterv.hu\/wp-content\/uploads\/2011\/12\/korhaz2-120x120.jpg 120w\" sizes=\"(max-width: 150px) 100vw, 150px\" \/>\u00a0SZENT L\u00c1Z\u00c1R K\u00d3RH\u00c1Z \u2013 RENDEL\u0150INT\u00c9ZET \u2013 SALG\u00d3TARJ\u00c1N<\/a><\/p>\n<p><a href=\"http:\/\/www.nogradterv.hu\/?p=561\"><img loading=\"lazy\" decoding=\"async\" class=\"alignnone size-thumbnail wp-image-624\" title=\"100_4421\" src=\"http:\/\/www.nogradterv.hu\/wp-content\/uploads\/2011\/12\/100_4421-150x150.jpg\" alt=\"\" width=\"150\" height=\"150\" srcset=\"http:\/\/www.nogradterv.hu\/wp-content\/uploads\/2011\/12\/100_4421-150x150.jpg 150w, http:\/\/www.nogradterv.hu\/wp-content\/uploads\/2011\/12\/100_4421-120x120.jpg 120w\" sizes=\"(max-width: 150px) 100vw, 150px\" \/>\u00a012 F\u00c9R\u0150HELYES LAK\u00d3OTTHON \u2013 SALG\u00d3TARJ\u00c1N<\/a><\/p>\n<p><img loading=\"lazy\" decoding=\"async\" class=\"alignnone size-thumbnail wp-image-630\" title=\"100_7212\" src=\"http:\/\/www.nogradterv.hu\/wp-content\/uploads\/2011\/12\/100_7212-150x150.jpg\" alt=\"\" width=\"150\" height=\"150\" srcset=\"http:\/\/www.nogradterv.hu\/wp-content\/uploads\/2011\/12\/100_7212-150x150.jpg 150w, http:\/\/www.nogradterv.hu\/wp-content\/uploads\/2011\/12\/100_7212-120x120.jpg 120w\" sizes=\"(max-width: 150px) 100vw, 150px\" \/>\u00a0<a href=\"http:\/\/www.nogradterv.hu\/?p=252\">KIG IRODAH\u00c1Z \u2013 SALG\u00d3TARJ\u00c1N<\/a><\/p>\n<p><img loading=\"lazy\" decoding=\"async\" class=\"alignnone size-thumbnail wp-image-634\" title=\"100_7177\" src=\"http:\/\/www.nogradterv.hu\/wp-content\/uploads\/2011\/12\/100_71772-150x150.jpg\" alt=\"\" width=\"150\" height=\"150\" srcset=\"http:\/\/www.nogradterv.hu\/wp-content\/uploads\/2011\/12\/100_71772-150x150.jpg 150w, http:\/\/www.nogradterv.hu\/wp-content\/uploads\/2011\/12\/100_71772-120x120.jpg 120w\" sizes=\"(max-width: 150px) 100vw, 150px\" \/>\u00a0<a href=\"http:\/\/www.nogradterv.hu\/?p=47\">OTP IRODA\u00c9P\u00dcLET \u2013 SZ\u00c9CH\u00c9NY<\/a><\/p>\n","protected":false},"excerpt":{"rendered":"<p>KORM\u00c1NYHIVATAL \u2013 BALASSAGYARMAT \u00a0V\u00c1ROSH\u00c1ZA \u2013 CELLD\u00d6M\u00d6LK \u00a0ID\u0150SEK OTTHONA \u2013 BAGLYASK\u0150 \u00a0GYERMEKT\u00c1BOR \u2013 SALG\u00d3TARJ\u00c1N K\u00d6Z\u00d6SS\u00c9GI H\u00c1Z &#8211; VANYARC T\u0170ZOLT\u00d3S\u00c1G &#8211; BERCEL \u00a0UZONI P\u00c9TER GIMN\u00c1ZIUM \u00c9S \u00c1LTAL\u00c1NOS ISKOLA \u2013 SALG\u00d3TARJ\u00c1N \u00a0M\u00c1JUS 1. \u00daTI \u00c1LTAL\u00c1NOS ISKOLA \u2013 BALASSAGYARMAT \u00a0SZENT L\u00c1Z\u00c1R K\u00d3RH\u00c1Z \u2013 RENDEL\u0150INT\u00c9ZET \u2013 SALG\u00d3TARJ\u00c1N \u00a012 F\u00c9R\u0150HELYES LAK\u00d3OTTHON \u2013 SALG\u00d3TARJ\u00c1N \u00a0KIG IRODAH\u00c1Z \u2013 SALG\u00d3TARJ\u00c1N \u00a0OTP IRODA\u00c9P\u00dcLET \u2013 SZ\u00c9CH\u00c9NY<\/p>\n","protected":false},"author":1,"featured_media":0,"parent":18,"menu_order":1,"comment_status":"closed","ping_status":"open","template":"","meta":{"footnotes":""},"_links":{"self":[{"href":"http:\/\/www.nogradterv.hu\/index.php?rest_route=\/wp\/v2\/pages\/26"}],"collection":[{"href":"http:\/\/www.nogradterv.hu\/index.php?rest_route=\/wp\/v2\/pages"}],"about":[{"href":"http:\/\/www.nogradterv.hu\/index.php?rest_route=\/wp\/v2\/types\/page"}],"author":[{"embeddable":true,"href":"http:\/\/www.nogradterv.hu\/index.php?rest_route=\/wp\/v2\/users\/1"}],"replies":[{"embeddable":true,"href":"http:\/\/www.nogradterv.hu\/index.php?rest_route=%2Fwp%2Fv2%2Fcomments&post=26"}],"version-history":[{"count":14,"href":"http:\/\/www.nogradterv.hu\/index.php?rest_route=\/wp\/v2\/pages\/26\/revisions"}],"predecessor-version":[{"id":975,"href":"http:\/\/www.nogradterv.hu\/index.php?rest_route=\/wp\/v2\/pages\/26\/revisions\/975"}],"up":[{"embeddable":true,"href":"http:\/\/www.nogradterv.hu\/index.php?rest_route=\/wp\/v2\/pages\/18"}],"wp:attachment":[{"href":"http:\/\/www.nogradterv.hu\/index.php?rest_route=%2Fwp%2Fv2%2Fmedia&parent=26"}],"curies":[{"name":"wp","href":"https:\/\/api.w.org\/{rel}","templated":true}]}}