{"id":18,"date":"2011-12-23T14:59:38","date_gmt":"2011-12-23T14:59:38","guid":{"rendered":"http:\/\/www.nogradterv.hu\/?page_id=18"},"modified":"2020-01-08T12:39:05","modified_gmt":"2020-01-08T11:39:05","slug":"portfolio","status":"publish","type":"page","link":"http:\/\/www.nogradterv.hu\/?page_id=18","title":{"rendered":"PORTF\u00d3LI\u00d3"},"content":{"rendered":"<p>Irod\u00e1nk sok\u00e9ves, szerte\u00e1gaz\u00f3 tapasztalattal rendelkezik az \u00e9p\u00edt\u00e9szeti tervez\u00e9s ter\u00fclet\u00e9n. Az al\u00e1bbi felsorol\u00e1sban p\u00e1r, l\u00e9nyegesebb munka tal\u00e1lhat\u00f3;<\/p>\n<p><img loading=\"lazy\" decoding=\"async\" class=\"alignnone wp-image-644\" title=\"001\" src=\"http:\/\/www.nogradterv.hu\/wp-content\/uploads\/2011\/12\/0011-150x150.jpg\" alt=\"\" width=\"122\" height=\"122\" srcset=\"http:\/\/www.nogradterv.hu\/wp-content\/uploads\/2011\/12\/0011-150x150.jpg 150w, http:\/\/www.nogradterv.hu\/wp-content\/uploads\/2011\/12\/0011-120x120.jpg 120w\" sizes=\"(max-width: 122px) 100vw, 122px\" \/> <img loading=\"lazy\" decoding=\"async\" class=\"alignnone wp-image-646\" title=\"100_4470\" src=\"http:\/\/www.nogradterv.hu\/wp-content\/uploads\/2011\/12\/100_4470-150x150.jpg\" alt=\"\" width=\"122\" height=\"122\" srcset=\"http:\/\/www.nogradterv.hu\/wp-content\/uploads\/2011\/12\/100_4470-150x150.jpg 150w, http:\/\/www.nogradterv.hu\/wp-content\/uploads\/2011\/12\/100_4470-120x120.jpg 120w\" sizes=\"(max-width: 122px) 100vw, 122px\" \/>\u00a0<img loading=\"lazy\" decoding=\"async\" title=\"K\u00e1llay 1\" src=\"http:\/\/www.nogradterv.hu\/wp-content\/uploads\/2011\/12\/K\u00e1llay-11-150x150.jpg\" alt=\"\" width=\"122\" height=\"122\" \/> <img loading=\"lazy\" decoding=\"async\" class=\"alignnone wp-image-643\" style=\"font-size: 12px;\" title=\"OLYMPUS DIGITAL CAMERA\" src=\"http:\/\/www.nogradterv.hu\/wp-content\/uploads\/2011\/12\/IMG_53021-150x150.jpg\" alt=\"\" width=\"122\" height=\"122\" srcset=\"http:\/\/www.nogradterv.hu\/wp-content\/uploads\/2011\/12\/IMG_53021-150x150.jpg 150w, http:\/\/www.nogradterv.hu\/wp-content\/uploads\/2011\/12\/IMG_53021-120x120.jpg 120w\" sizes=\"(max-width: 122px) 100vw, 122px\" \/> <img loading=\"lazy\" decoding=\"async\" class=\"alignnone wp-image-645\" style=\"font-size: 12px;\" title=\"P1060476\" src=\"http:\/\/www.nogradterv.hu\/wp-content\/uploads\/2011\/12\/P10604761-150x150.jpg\" alt=\"\" width=\"122\" height=\"122\" srcset=\"http:\/\/www.nogradterv.hu\/wp-content\/uploads\/2011\/12\/P10604761-150x150.jpg 150w, http:\/\/www.nogradterv.hu\/wp-content\/uploads\/2011\/12\/P10604761-120x120.jpg 120w\" sizes=\"(max-width: 122px) 100vw, 122px\" \/><\/p>\n<p><span style=\"color: #339966;\"><a style=\"color: #339966;\" href=\"http:\/\/www.nogradterv.hu\/?page_id=26\">K\u00d6Z\u00c9P\u00dcLET<\/a>\u00a0\u00a0 \u00a0 \u00a0 \u00a0 \u00a0 \u00a0 \u00a0 \u00a0<a style=\"color: #339966;\" href=\"http:\/\/www.nogradterv.hu\/?page_id=62\">EGYH\u00c1ZI<\/a>\u00a0 \u00a0 \u00a0 \u00a0 \u00a0 \u00a0 \u00a0 \u00a0 \u00a0 \u00a0 \u00a0 \u00a0<a style=\"color: #339966;\" href=\"http:\/\/www.nogradterv.hu\/?page_id=57\">M\u0170EML\u00c9K<\/a>\u00a0 \u00a0 \u00a0 \u00a0 \u00a0 \u00a0 \u00a0 \u00a0 \u00a0 \u00a0<a style=\"color: #339966;\" href=\"http:\/\/www.nogradterv.hu\/?page_id=28\">LAK\u00d3\u00c9P\u00dcLET<\/a>\u00a0 \u00a0 \u00a0 \u00a0 \u00a0 \u00a0 \u00a0 <a style=\"color: #339966;\" href=\"http:\/\/www.nogradterv.hu\/?page_id=59\">KERESKEDELEM<\/a><\/span><\/p>\n<p><strong>\u00a0Fontosabb megval\u00f3sult munk\u00e1ink:<\/strong><\/p>\n<p>1992 \u00a0 \u00a0 \u00a0Nagyl\u00f3c tornaterem<br \/>\n1994 \u00a0 \u00a0 \u00a0Sz\u00e9cs\u00e9ny OTP- \u00e1talak\u00edt\u00e1s<br \/>\n1994\u00a0 \u00a0 \u00a0 Salg\u00f3tarj\u00e1n, K\u00f6z\u00fatkezel\u0151 Kht. Iroda\u00e9p\u00fclet- \u00e1talak\u00edt\u00e1s<br \/>\n1995 \u00a0 \u00a0 \u00a0B\u00e1tonyterenye, EZ\u00dcSTFENY\u0150 id\u0151sek otthona- \u00e1talak\u00edt\u00e1s<br \/>\n1996 \u00a0 \u00a0 \u00a0Balassagyarmat, M\u00e1jus 1. \u00fati 8 tant. Iskola \u00e9s tornaterem<br \/>\n1997 \u00a0 \u00a0 \u00a0Balassagyarmat, D\u00f3zsa Gy. \u00dat \u2013 Patvarci \u00fati lak\u00f3\u00e9p\u00fclet<br \/>\n1997 \u00a0 \u00a0 \u00a0Bercel, K\u00e1llay kast\u00e9ly rekonstrukci\u00f3ja<br \/>\n1997 \u00a0 \u00a0 \u00a0Salg\u00f3tarj\u00e1n, Inkub\u00e1torh\u00e1z \u2013 \u00e1talak\u00edt\u00e1s<br \/>\n1998 \u00a0 \u00a0 \u00a0Salg\u00f3tarj\u00e1n, Galcsik fogad\u00f3<br \/>\n1998 \u00a0 \u00a0 \u00a0Salg\u00f3tarj\u00e1n, Szent L\u00e1z\u00e1r K\u00f3rh\u00e1z f\u0151\u00e9p\u00fclet \u2013 rekonstrukci\u00f3<br \/>\n1999 \u00a0 \u00a0 \u00a0Balassagyarmat, volt Ipoly sz\u00e1ll\u00f3 \u00e1talak\u00edt\u00e1s Id\u0151sek otthon\u00e1v\u00e1<br \/>\n2001 \u00a0 \u00a0 \u00a0Salg\u00f3tarj\u00e1n, La Fiesta \u00e9tterem, b\u0151v\u00edt\u00e9s-emeletr\u00e1\u00e9p\u00edt\u00e9s<br \/>\n2001 \u00a0 \u00a0 \u00a0Bercel, Bodor kast\u00e9ly fel\u00faj\u00edt\u00e1sa<br \/>\n2002\u00a0 \u00a0 \u00a0 Tar ravataloz\u00f3<br \/>\n2002 \u00a0 \u00a0 \u00a0Balassagyarmat, Renault aut\u00f3szalon \u00e9s szerviz<br \/>\n2003 \u00a0 \u00a0 \u00a0B\u00e1tonyterenye, 15 lak\u00e1sos t\u00e1rsash\u00e1z<br \/>\n2003 \u00a0 \u00a0 \u00a0Salg\u00f3tarj\u00e1n, Szakorvosi Rendel\u0151int\u00e9zet \u00e9s \u00f6sszek\u00f6t\u0151 h\u00edd<br \/>\n2003 \u00a0 \u00a0 \u00a0Balassagyarmat, 12 fh.-es lak\u00f3otthon<br \/>\n2004 \u00a0 \u00a0 \u00a0Salg\u00f3tarj\u00e1n \u00e9s Gy\u00f6ngy\u00f6s, Toyota aut\u00f3szalon<br \/>\n2005 \u00a0 \u00a0 \u00a0Gy\u00f6ngy\u00f6s, 41 lak\u00e1sos t\u00e1rsash\u00e1z<br \/>\n2005 \u00a0 \u00a0 \u00a0Galgaguta, R\u00f3mai Katolikus Templom<br \/>\n2006 \u00a0 \u00a0 \u00a0B\u00e1tonyterenye ravataloz\u00f3<br \/>\n2006 \u00a0 \u00a0 \u00a0Eger, 6 lak\u00e1sos t\u00e1rsash\u00e1z<br \/>\n2006 \u00a0 \u00a0 \u00a0Uzoni P\u00e9ter 8 tantermes \u00c1ltal\u00e1nos Iskola \u00e9s tornaterem<br \/>\n2006 \u00a0 \u00a0 \u00a0Salg\u00f3tarj\u00e1n, 150 f\u0151s bentlak\u00e1sos szoci\u00e1lis int\u00e9zm\u00e9ny \u00e9s 20 f\u0151s id\u0151sek klubja<br \/>\n2007 \u00a0 \u00a0 \u00a0Salg\u00f3tarj\u00e1n, csal\u00e1di h\u00e1z<br \/>\n2005 \u00a0 \u00a0 \u00a0Salg\u00f3tarj\u00e1n, Gyermekt\u00e1bor E jel\u0171 \u00e9p\u00fclet fel\u00faj\u00edt\u00e1s<br \/>\n2008 \u00a0 \u00a0 \u00a0Celld\u00f6m\u00f6lk, \u00faj v\u00e1rosh\u00e1za<br \/>\n2011 \u00a0 \u00a0 \u00a0Salg\u00f3tarj\u00e1n, Szent L\u00e1z\u00e1r K\u00f3rh\u00e1z s\u00fcrg\u0151ss\u00e9gi oszt\u00e1ly<br \/>\n2013\u00a0 \u00a0 \u00a0 B\u00e1tonyterenye, Flex-Coop csarnok<br \/>\n2013\u00a0 \u00a0 \u00a0 Bercel, T\u0171zolt\u00f3s\u00e1g<br \/>\n2013\u00a0 \u00a0 \u00a0 Vanyarc, K\u00f6z\u00f6ss\u00e9gi H\u00e1z<br \/>\n2013\u00a0 \u00a0 \u00a0 Balassagyarmat, T\u0171zolt\u00f3laktanya fel\u00faj\u00edt\u00e1sa, b\u0151v\u00edt\u00e9se<br \/>\n2013\u00a0 \u00a0 \u00a0 Salg\u00f3tarj\u00e1n, P\u00e9csk\u0151 \u00fati csal\u00e1di h\u00e1z<br \/>\n2015\u00a0 \u00a0 \u00a0 Salg\u00f3tarj\u00e1n, Szent L\u00e1z\u00e1r K\u00f3rh\u00e1z rehabilit\u00e1ci\u00f3s-, k\u00f6zponti steril-, MRI oszt\u00e1ly<br \/>\n2015\u00a0 \u00a0 \u00a0 Balassagyarmat, rendez\u00e9si terv fel\u00fclvizsg\u00e1lata<br \/>\n2016\u00a0 \u00a0 \u00a0 R\u00e9ts\u00e1g, r\u00f3mai katolikus templom k\u00f6z\u00f6ss\u00e9gi t\u00e9r<br \/>\n2018\u00a0 \u00a0 \u00a0 Balassagyarmat, volt Hat\u00e1r\u0151rs\u00e9g \u00e1talak\u00edt\u00e1sa<br \/>\n2019\u00a0 \u00a0 \u00a0 D\u00f6ms\u00f6d, \u00faj r\u00f3mai katolikus templom<\/p>\n<p><strong>\u00c9p\u00edt\u00e9s alatt:<\/strong><\/p>\n<p>2010 \u00a0 \u00a0 \u00a0Salg\u00f3tarj\u00e1n, Hargita k\u00f6r\u00fati csal\u00e1di h\u00e1z<\/p>\n<p><strong>Tervek:<\/strong><\/p>\n<p>2010 \u00a0 \u00a0 \u00a0Salg\u00f3tarj\u00e1n, B\u00e1nyam\u00fazeum ki\u00e1ll\u00edt\u00f3t\u00e9r<br \/>\n2010 \u00a0 \u00a0 \u00a0Salg\u00f3tarj\u00e1n-Somosk\u0151, 40 f\u0151s panzi\u00f3<br \/>\n2019\u00a0 \u00a0 \u00a0 Balassagyarmat, V\u00e1rosi Temet\u0151 ravataloz\u00f3<\/p>\n<p><strong>Eredm\u00e9nyes p\u00e1ly\u00e1zatok:<\/strong><\/p>\n<p>2007 \u00a0 \u00a0 \u00a0\u00daj id\u0151sek otthona l\u00e9tes\u00edt\u00e9se a XVIII. ker\u00fcletben megv\u00e9tel<br \/>\n2007 \u00a0 \u00a0 \u00a0Id\u0151sek otthona \u00e9p\u00edt\u00e9s \u00e9s rekonstrukci\u00f3, Budapest, Baross \u00fat 100 kiemelt megv\u00e9tel<br \/>\n2008 \u00a0 \u00a0 \u00a0Celld\u00f6m\u00f6lk v\u00e1rosh\u00e1za II. d\u00edj<br \/>\n2008 \u00a0 \u00a0 \u00a0Szeged, 255 \u00e1gyas klinika megv\u00e9tel<\/p>\n<p><strong>D\u00edjak:<\/strong><\/p>\n<p>1976 \u00a0 \u00a0 \u00a0Diplomad\u00edj<br \/>\n1980- \u00a0 \u00a0 \u201e\u00c9v lak\u00f3h\u00e1za\u201d p\u00e1ly\u00e1zat N\u00f3gr\u00e1d megyei kateg\u00f3ri\u00e1j\u00e1ban t\u00f6bb alkalommal I. \u00e9s II. d\u00edj<br \/>\n1999 \u00a0 \u00a0 \u00a0N\u00f3gr\u00e1d Megyei \u00c9p\u00edt\u00e9szkamara \u201e\u00c9v \u00e9p\u00edt\u00e9sze\u201d d\u00edja<br \/>\n2008 \u00a0 \u00a0 \u00a0N\u00f3gr\u00e1d Megyei \u00c9p\u00edt\u00e9szkamara \u201e\u00c9v \u00e9p\u00edt\u00e9sze\u201d d\u00edja<br \/>\n2010 \u00a0 \u00a0 \u00a0N\u00f3gr\u00e1d Megyei \u00c9p\u00edt\u00e9szkamara \u201e\u00c9v \u00e9p\u00edt\u00e9sze\u201d d\u00edja (Celld\u00f6m\u00f6lk v\u00e1rosh\u00e1za)<br \/>\n2011 \u00a0 \u00a0 \u00a0Pro Architectura d\u00edj (Celld\u00f6m\u00f6lk v\u00e1rosh\u00e1za tervez\u00e9s\u00e9\u00e9rt)<\/p>\n<p><strong>Ki\u00e1ll\u00edt\u00e1s:<\/strong><br \/>\n2009 \u00a0 \u00a0 \u00a0\u201eMindens\u00e9g modellje kort\u00e1rs magyar templom\u00e9p\u00edt\u00e9szet\u201d c\u00edm\u0171 ki\u00e1ll\u00edt\u00e1s (Galgaguta)<\/p>\n<p><strong>Publik\u00e1ci\u00f3:<\/strong><\/p>\n<p>2008 \u00a0 \u00a0 \u00a0Alaprajz c\u00edm\u0171 magazinban: Bels\u0151 vil\u00e1g Baglyask\u0151 id\u0151sek otthona 2008<br \/>\n2010 \u00a0 \u00a0 \u00a0Alaprajz, Octogon, Magyar \u00c9p\u00edt\u0151m\u0171v\u00e9szet, \u00c1rk\u00e1d magazinban (Celld\u00f6m\u00f6lk )<br \/>\n2010 \u00a0 \u00a0 \u00a0\u201eMindens\u00e9g modellje kort\u00e1rs magyar templom\u00e9p\u00edt\u00e9szet\u201d c\u00edm\u0171 kiadv\u00e1nyban (Galgaguta)<\/p>\n<p>&nbsp;<\/p>\n","protected":false},"excerpt":{"rendered":"<p>Irod\u00e1nk sok\u00e9ves, szerte\u00e1gaz\u00f3 tapasztalattal rendelkezik az \u00e9p\u00edt\u00e9szeti tervez\u00e9s ter\u00fclet\u00e9n. Az al\u00e1bbi felsorol\u00e1sban p\u00e1r, l\u00e9nyegesebb munka tal\u00e1lhat\u00f3; \u00a0 K\u00d6Z\u00c9P\u00dcLET\u00a0\u00a0 \u00a0 \u00a0 \u00a0 \u00a0 \u00a0 \u00a0 \u00a0EGYH\u00c1ZI\u00a0 \u00a0 \u00a0 \u00a0 \u00a0 \u00a0 \u00a0 \u00a0 \u00a0 \u00a0 \u00a0 \u00a0M\u0170EML\u00c9K\u00a0 \u00a0 \u00a0 \u00a0 \u00a0 \u00a0 \u00a0 \u00a0 \u00a0 \u00a0LAK\u00d3\u00c9P\u00dcLET\u00a0 \u00a0 \u00a0 \u00a0 \u00a0 \u00a0 \u00a0 KERESKEDELEM \u00a0Fontosabb megval\u00f3sult munk\u00e1ink: [&hellip;]<\/p>\n","protected":false},"author":1,"featured_media":0,"parent":0,"menu_order":3,"comment_status":"closed","ping_status":"open","template":"","meta":{"footnotes":""},"_links":{"self":[{"href":"http:\/\/www.nogradterv.hu\/index.php?rest_route=\/wp\/v2\/pages\/18"}],"collection":[{"href":"http:\/\/www.nogradterv.hu\/index.php?rest_route=\/wp\/v2\/pages"}],"about":[{"href":"http:\/\/www.nogradterv.hu\/index.php?rest_route=\/wp\/v2\/types\/page"}],"author":[{"embeddable":true,"href":"http:\/\/www.nogradterv.hu\/index.php?rest_route=\/wp\/v2\/users\/1"}],"replies":[{"embeddable":true,"href":"http:\/\/www.nogradterv.hu\/index.php?rest_route=%2Fwp%2Fv2%2Fcomments&post=18"}],"version-history":[{"count":36,"href":"http:\/\/www.nogradterv.hu\/index.php?rest_route=\/wp\/v2\/pages\/18\/revisions"}],"predecessor-version":[{"id":926,"href":"http:\/\/www.nogradterv.hu\/index.php?rest_route=\/wp\/v2\/pages\/18\/revisions\/926"}],"wp:attachment":[{"href":"http:\/\/www.nogradterv.hu\/index.php?rest_route=%2Fwp%2Fv2%2Fmedia&parent=18"}],"curies":[{"name":"wp","href":"https:\/\/api.w.org\/{rel}","templated":true}]}}