{"id":12,"date":"2011-12-23T14:41:08","date_gmt":"2011-12-23T14:41:08","guid":{"rendered":"http:\/\/www.nogradterv.hu\/?page_id=12"},"modified":"2012-01-10T12:11:09","modified_gmt":"2012-01-10T11:11:09","slug":"kapcsolat","status":"publish","type":"page","link":"http:\/\/www.nogradterv.hu\/?page_id=12","title":{"rendered":"KAPCSOLAT"},"content":{"rendered":"<p><a href=\"http:\/\/www.nogradterv.hu\/wp-content\/uploads\/2011\/12\/484601255_bf79ebc82d_b.jpg\" rel=\"lightbox[12]\"><img loading=\"lazy\" decoding=\"async\" class=\"alignnone size-medium wp-image-130\" title=\"484601255_bf79ebc82d_b\" src=\"http:\/\/www.nogradterv.hu\/wp-content\/uploads\/2011\/12\/484601255_bf79ebc82d_b-300x300.jpg\" alt=\"\" width=\"300\" height=\"300\" srcset=\"http:\/\/www.nogradterv.hu\/wp-content\/uploads\/2011\/12\/484601255_bf79ebc82d_b-300x300.jpg 300w, http:\/\/www.nogradterv.hu\/wp-content\/uploads\/2011\/12\/484601255_bf79ebc82d_b-150x150.jpg 150w, http:\/\/www.nogradterv.hu\/wp-content\/uploads\/2011\/12\/484601255_bf79ebc82d_b-120x120.jpg 120w, http:\/\/www.nogradterv.hu\/wp-content\/uploads\/2011\/12\/484601255_bf79ebc82d_b.jpg 768w\" sizes=\"(max-width: 300px) 100vw, 300px\" \/><\/a><\/p>\n<p><strong>N\u00d3GR\u00c1DTERV KFT.<\/strong><\/p>\n<p><strong>postai c\u00edm:<\/strong><br \/>\n3100 Salg\u00f3tarj\u00e1n P\u00e9csk\u0151 utca 21\/1.<\/p>\n<p><strong>tel\/fax:<\/strong><br \/>\n06 32 316 400<\/p>\n<p><strong>email:<\/strong><br \/>\nnogradterv@nogradterv.hu<\/p>\n<p>&nbsp;<\/p>\n<p>&nbsp;<\/p>\n<p>&nbsp;<\/p>\n<p>&nbsp;<\/p>\n<p>&nbsp;<\/p>\n<p>&nbsp;<\/p>\n<p>&nbsp;<\/p>\n<p>&nbsp;<\/p>\n","protected":false},"excerpt":{"rendered":"<p>N\u00d3GR\u00c1DTERV KFT. postai c\u00edm: 3100 Salg\u00f3tarj\u00e1n P\u00e9csk\u0151 utca 21\/1. tel\/fax: 06 32 316 400 email: nogradterv@nogradterv.hu &nbsp; &nbsp; &nbsp; &nbsp; &nbsp; &nbsp; &nbsp; &nbsp;<\/p>\n","protected":false},"author":1,"featured_media":0,"parent":0,"menu_order":4,"comment_status":"closed","ping_status":"open","template":"","meta":{"footnotes":""},"_links":{"self":[{"href":"http:\/\/www.nogradterv.hu\/index.php?rest_route=\/wp\/v2\/pages\/12"}],"collection":[{"href":"http:\/\/www.nogradterv.hu\/index.php?rest_route=\/wp\/v2\/pages"}],"about":[{"href":"http:\/\/www.nogradterv.hu\/index.php?rest_route=\/wp\/v2\/types\/page"}],"author":[{"embeddable":true,"href":"http:\/\/www.nogradterv.hu\/index.php?rest_route=\/wp\/v2\/users\/1"}],"replies":[{"embeddable":true,"href":"http:\/\/www.nogradterv.hu\/index.php?rest_route=%2Fwp%2Fv2%2Fcomments&post=12"}],"version-history":[{"count":15,"href":"http:\/\/www.nogradterv.hu\/index.php?rest_route=\/wp\/v2\/pages\/12\/revisions"}],"predecessor-version":[{"id":118,"href":"http:\/\/www.nogradterv.hu\/index.php?rest_route=\/wp\/v2\/pages\/12\/revisions\/118"}],"wp:attachment":[{"href":"http:\/\/www.nogradterv.hu\/index.php?rest_route=%2Fwp%2Fv2%2Fmedia&parent=12"}],"curies":[{"name":"wp","href":"https:\/\/api.w.org\/{rel}","templated":true}]}}